{"id":418,"date":"2020-09-16T13:14:59","date_gmt":"2020-09-16T11:14:59","guid":{"rendered":"http:\/\/vpt-asbl.be\/?page_id=418"},"modified":"2024-10-30T18:07:50","modified_gmt":"2024-10-30T17:07:50","slug":"418-2","status":"publish","type":"page","link":"https:\/\/vpt-asbl.be\/index.php\/418-2\/","title":{"rendered":""},"content":{"rendered":"\n<p class=\"has-medium-font-size\">Avez-vous re\u00e7u une invitation pour une activit\u00e9 de la part du groupe de votre enfant (Pumbas, Ouistitis, Polochons, Crocos ou Ados) ?<\/p>\n\n\n\n<div class=\"wp-block-button is-style-fill\"><a class=\"wp-block-button__link has-background\" href=\"http:\/\/vpt-asbl.be\/\" style=\"border-radius:50px;background-color:#2287c5\">NON, cliquez ici et ne remplissez pas le formulaire<\/a><\/div>\n\n\n\n<p><\/p>\n\n\n\n<div class=\"wp-block-button\"><a class=\"wp-block-button__link has-background\" href=\"https:\/\/forms.gle\/tsTzEivX6HekhVKL6\" style=\"border-radius:50px;background-color:#2287c5\">OUI, cliquez ici et inscrivez votre enfant UNIQUEMENT \u00e0 l&rsquo;activit\u00e9 mentionn\u00e9e<\/a><\/div>\n","protected":false},"excerpt":{"rendered":"<p>Avez-vous re\u00e7u une invitation pour une activit\u00e9 de la part du groupe de votre enfant (Pumbas, Ouistitis, Polochons, Crocos ou Ados) ?<\/p>\n","protected":false},"author":4,"featured_media":0,"parent":0,"menu_order":0,"comment_status":"closed","ping_status":"closed","template":"","meta":{"_exactmetrics_skip_tracking":false,"_exactmetrics_sitenote_active":false,"_exactmetrics_sitenote_note":"","_exactmetrics_sitenote_category":0,"footnotes":""},"class_list":["post-418","page","type-page","status-publish","hentry"],"_links":{"self":[{"href":"https:\/\/vpt-asbl.be\/index.php\/wp-json\/wp\/v2\/pages\/418","targetHints":{"allow":["GET"]}}],"collection":[{"href":"https:\/\/vpt-asbl.be\/index.php\/wp-json\/wp\/v2\/pages"}],"about":[{"href":"https:\/\/vpt-asbl.be\/index.php\/wp-json\/wp\/v2\/types\/page"}],"author":[{"embeddable":true,"href":"https:\/\/vpt-asbl.be\/index.php\/wp-json\/wp\/v2\/users\/4"}],"replies":[{"embeddable":true,"href":"https:\/\/vpt-asbl.be\/index.php\/wp-json\/wp\/v2\/comments?post=418"}],"version-history":[{"count":6,"href":"https:\/\/vpt-asbl.be\/index.php\/wp-json\/wp\/v2\/pages\/418\/revisions"}],"predecessor-version":[{"id":584,"href":"https:\/\/vpt-asbl.be\/index.php\/wp-json\/wp\/v2\/pages\/418\/revisions\/584"}],"wp:attachment":[{"href":"https:\/\/vpt-asbl.be\/index.php\/wp-json\/wp\/v2\/media?parent=418"}],"curies":[{"name":"wp","href":"https:\/\/api.w.org\/{rel}","templated":true}]}}